{"id":360,"date":"2026-03-13T18:12:22","date_gmt":"2026-03-13T17:12:22","guid":{"rendered":"https:\/\/peliku.com\/?page_id=360"},"modified":"2026-03-23T09:43:02","modified_gmt":"2026-03-23T08:43:02","slug":"legal-notice","status":"publish","type":"page","link":"https:\/\/peliku.com\/fr\/legal-notice\/","title":{"rendered":"Legal notice"},"content":{"rendered":"<div data-elementor-type=\"wp-page\" data-elementor-id=\"360\" class=\"elementor elementor-360\">\n\t\t\t\t<div class=\"elementor-element elementor-element-795cdd6 e-flex e-con-boxed e-con e-parent\" data-id=\"795cdd6\" data-element_type=\"container\" data-e-type=\"container\" data-settings=\"{&quot;background_background&quot;:&quot;classic&quot;}\">\n\t\t\t\t\t<div class=\"e-con-inner\">\n\t\t\t\t<div class=\"elementor-element elementor-element-81e9181 elementor-widget elementor-widget-heading\" data-id=\"81e9181\" data-element_type=\"widget\" data-e-type=\"widget\" data-widget_type=\"heading.default\">\n\t\t\t\t\t<h2 class=\"elementor-heading-title elementor-size-default\">Mentions l\u00e9gales<\/h2>\t\t\t\t<\/div>\n\t\t\t\t<div class=\"elementor-element elementor-element-c3fdc82 elementor-widget elementor-widget-heading\" data-id=\"c3fdc82\" data-element_type=\"widget\" data-e-type=\"widget\" data-widget_type=\"heading.default\">\n\t\t\t\t\t<h6 class=\"elementor-heading-title elementor-size-default\">Derni\u00e8re mise \u00e0 jour : mars 2026<\/h6>\t\t\t\t<\/div>\n\t\t\t\t<div class=\"elementor-element elementor-element-ce0b49f elementor-widget elementor-widget-html\" data-id=\"ce0b49f\" data-element_type=\"widget\" data-e-type=\"widget\" data-widget_type=\"html.default\">\n\t\t\t\t\t<h2 style=\"font-family: Inter, sans-serif;font-size: 45px;font-weight: 600;color: #ffffff;line-height: 1.1;margin: 0;\">\r\nSite web\r\n<span style=\"font-family: 'Inter Tight', sans-serif;background: linear-gradient(90deg,#ff6a6a 0%, #c85cff 60%, #8e4cb0 100%);-webkit-background-clip: text;-webkit-text-fill-color: transparent;\">\r\n\u00c9diteur du\r\n<\/span>\r\n<\/h2>\t\t\t\t<\/div>\n\t\t\t\t<div class=\"elementor-element elementor-element-423b81f elementor-widget elementor-widget-text-editor\" data-id=\"423b81f\" data-element_type=\"widget\" data-e-type=\"widget\" data-widget_type=\"text-editor.default\">\n\t\t\t\t\t\t\t\t\t<p data-start=\"317\" data-end=\"411\">Le site web <strong data-start=\"329\" data-end=\"343\">peliku.com<\/strong> et l'application correspondante <strong data-start=\"375\" data-end=\"393\">app.peliku.com<\/strong> sont publi\u00e9s par :<\/p><p data-start=\"413\" data-end=\"532\"><strong data-start=\"413\" data-end=\"429\">Hoody Studio<\/strong><br data-start=\"429\" data-end=\"432\" \/>Soci\u00e9t\u00e9 par actions simplifi\u00e9e unipersonnelle (SASU) enregistr\u00e9e en France<br data-start=\"504\" data-end=\"507\" \/>SIRET: <strong data-start=\"514\" data-end=\"532\">88272128500030<\/strong><\/p><p data-start=\"534\" data-end=\"610\">Address:<br data-start=\"542\" data-end=\"545\" \/>78, Avenue des Champs-\u00c9lys\u00e9es<br data-start=\"574\" data-end=\"577\" \/>Bureau 326<br data-start=\"587\" data-end=\"590\" \/>75008 Paris<br data-start=\"601\" data-end=\"604\" \/>France<\/p><p data-start=\"612\" data-end=\"647\">Contact email:<br data-start=\"626\" data-end=\"629\" \/><a class=\"decorated-link cursor-pointer\" rel=\"noopener\" data-start=\"629\" data-end=\"647\">contact@peliku.com<\/a><\/p><p data-start=\"649\" data-end=\"685\">Directeur de publication :<br data-start=\"670\" data-end=\"673\" \/>Hoody Studio<\/p>\t\t\t\t\t\t\t\t<\/div>\n\t\t\t\t<div class=\"elementor-element elementor-element-1fb412b elementor-widget elementor-widget-html\" data-id=\"1fb412b\" data-element_type=\"widget\" data-e-type=\"widget\" data-widget_type=\"html.default\">\n\t\t\t\t\t<h2 style=\"font-family: Inter, sans-serif;font-size: 45px;font-weight: 600;color: #ffffff;line-height: 1.1;margin: 0;\">\r\nH\u00e9bergement\r\n<span style=\"font-family: 'Inter Tight', sans-serif;background: linear-gradient(90deg,#ff6a6a 0%, #c85cff 60%, #8e4cb0 100%);-webkit-background-clip: text;-webkit-text-fill-color: transparent;\">\r\nfournisseur\r\n<\/span>\r\n<\/h2>\t\t\t\t<\/div>\n\t\t\t\t<div class=\"elementor-element elementor-element-3e1d3d4 elementor-widget elementor-widget-text-editor\" data-id=\"3e1d3d4\" data-element_type=\"widget\" data-e-type=\"widget\" data-widget_type=\"text-editor.default\">\n\t\t\t\t\t\t\t\t\t<p data-key=\"K9vg1\" data-pm-slice=\"1 1 []\">Le site web est h\u00e9berg\u00e9 par :<\/p><p data-key=\"US1Z3\"><strong>OVHcloud<\/strong><br \/>2 rue Kellermann<br \/>59100 Roubaix<br \/>France<\/p><p data-key=\"ZYO7u\"><a class=\"decorated-link\" href=\"https:\/\/www.ovhcloud.com\/\" target=\"_new\" rel=\"noopener\">https:\/\/www.ovhcloud.com<\/a><\/p>\t\t\t\t\t\t\t\t<\/div>\n\t\t\t\t<div class=\"elementor-element elementor-element-070d4ad elementor-widget elementor-widget-html\" data-id=\"070d4ad\" data-element_type=\"widget\" data-e-type=\"widget\" data-widget_type=\"html.default\">\n\t\t\t\t\t<h2 style=\"font-family: Inter, sans-serif;font-size: 45px;font-weight: 600;color: #ffffff;line-height: 1.1;margin: 0;\">\r\nTechnique\r\n<span style=\"font-family: 'Inter Tight', sans-serif;background: linear-gradient(90deg,#ff6a6a 0%, #c85cff 60%, #8e4cb0 100%);-webkit-background-clip: text;-webkit-text-fill-color: transparent;\">\r\nservices\r\n<\/span>\r\n<\/h2>\t\t\t\t<\/div>\n\t\t\t\t<div class=\"elementor-element elementor-element-4023687 elementor-widget elementor-widget-text-editor\" data-id=\"4023687\" data-element_type=\"widget\" data-e-type=\"widget\" data-widget_type=\"text-editor.default\">\n\t\t\t\t\t\t\t\t\t<p>Some technical features of the website rely on third-party services :<\/p><p>Supabase &#8211; database and authentication<\/p><p>Stripe &#8211; payment processing<\/p><p>Lovable Cloud &#8211; application infrastructure<\/p><p>Google Analytics &#8211; audience measurement and traffic analysis<\/p><p>Google Drive \/ Dropbox &#8211; external file storage and media access<\/p><p>Ces services peuvent traiter des donn\u00e9es techniques n\u00e9cessaires au bon fonctionnement et \u00e0 la s\u00e9curit\u00e9 de la plateforme.<\/p>\t\t\t\t\t\t\t\t<\/div>\n\t\t\t\t<div class=\"elementor-element elementor-element-1ee9a9e elementor-widget elementor-widget-html\" data-id=\"1ee9a9e\" data-element_type=\"widget\" data-e-type=\"widget\" data-widget_type=\"html.default\">\n\t\t\t\t\t<h2 style=\"font-family: Inter, sans-serif;font-size: 45px;font-weight: 600;color: #ffffff;line-height: 1.1;margin: 0;\">\r\nIntellectuel\r\n<span style=\"font-family: 'Inter Tight', sans-serif;background: linear-gradient(90deg,#ff6a6a 0%, #c85cff 60%, #8e4cb0 100%);-webkit-background-clip: text;-webkit-text-fill-color: transparent;\">\r\npropri\u00e9t\u00e9\r\n<\/span>\r\n<\/h2>\t\t\t\t<\/div>\n\t\t\t\t<div class=\"elementor-element elementor-element-4a34c5d elementor-widget elementor-widget-text-editor\" data-id=\"4a34c5d\" data-element_type=\"widget\" data-e-type=\"widget\" data-widget_type=\"text-editor.default\">\n\t\t\t\t\t\t\t\t\t<p data-key=\"qnmal\" data-pm-slice=\"1 1 []\">Tout le contenu disponible sur <strong>peliku.com<\/strong> et l'application associ\u00e9e (textes, images, graphiques, logos, interface, logiciels, code et fonctionnalit\u00e9s) est prot\u00e9g\u00e9e par les lois applicables en mati\u00e8re de propri\u00e9t\u00e9 intellectuelle.<\/p><p data-key=\"vKlyH\">Toute reproduction, diffusion, modification ou utilisation de ce contenu sans l'autorisation \u00e9crite pr\u00e9alable de Hoody Studio est strictement interdite.<\/p>\t\t\t\t\t\t\t\t<\/div>\n\t\t\t\t<div class=\"elementor-element elementor-element-219c7d6 elementor-widget elementor-widget-html\" data-id=\"219c7d6\" data-element_type=\"widget\" data-e-type=\"widget\" data-widget_type=\"html.default\">\n\t\t\t\t\t<h2 style=\"font-family: Inter, sans-serif;font-size: 45px;font-weight: 600;color: #ffffff;line-height: 1.1;margin: 0;\">\r\nIntellectuel\r\n<span style=\"font-family: 'Inter Tight', sans-serif;background: linear-gradient(90deg,#ff6a6a 0%, #c85cff 60%, #8e4cb0 100%);-webkit-background-clip: text;-webkit-text-fill-color: transparent;\">\r\npropri\u00e9t\u00e9\r\n<\/span>\r\n<\/h2>\t\t\t\t<\/div>\n\t\t\t\t<div class=\"elementor-element elementor-element-09c1283 elementor-widget elementor-widget-text-editor\" data-id=\"09c1283\" data-element_type=\"widget\" data-e-type=\"widget\" data-widget_type=\"text-editor.default\">\n\t\t\t\t\t\t\t\t\t<p data-key=\"NmgV4\" data-pm-slice=\"1 1 []\">Hoody Studio s'efforce de garantir l'exactitude et la disponibilit\u00e9 des informations fournies sur le site web. Toutefois, l'\u00e9diteur ne peut garantir que le site sera exempt d'erreurs, d'interruptions ou de probl\u00e8mes techniques.<\/p><p data-key=\"pZEmk\">L'\u00e9diteur ne saurait \u00eatre tenu responsable des dommages directs ou indirects r\u00e9sultant de l'utilisation du site web ou de l'application associ\u00e9e.<\/p>\t\t\t\t\t\t\t\t<\/div>\n\t\t\t\t\t<\/div>\n\t\t\t\t<\/div>\n\t\t\t\t<\/div>","protected":false},"excerpt":{"rendered":"<p>Legal Notice Last updated : March 2026 Website publisher The website peliku.com and the associated application app.peliku.com are published by: [&hellip;]<\/p>\n","protected":false},"author":1,"featured_media":0,"parent":0,"menu_order":0,"comment_status":"closed","ping_status":"closed","template":"","meta":{"site-sidebar-layout":"no-sidebar","site-content-layout":"","ast-site-content-layout":"full-width-container","site-content-style":"default","site-sidebar-style":"default","ast-global-header-display":"","ast-banner-title-visibility":"","ast-main-header-display":"","ast-hfb-above-header-display":"","ast-hfb-below-header-display":"","ast-hfb-mobile-header-display":"","site-post-title":"","ast-breadcrumbs-content":"","ast-featured-img":"disabled","footer-sml-layout":"","ast-disable-related-posts":"","theme-transparent-header-meta":"","adv-header-id-meta":"","stick-header-meta":"","header-above-stick-meta":"","header-main-stick-meta":"","header-below-stick-meta":"","astra-migrate-meta-layouts":"default","ast-page-background-enabled":"default","ast-page-background-meta":{"desktop":{"background-color":"var(--ast-global-color-5)","background-image":"","background-repeat":"repeat","background-position":"center center","background-size":"auto","background-attachment":"scroll","background-type":"","background-media":"","overlay-type":"","overlay-color":"","overlay-opacity":"","overlay-gradient":""},"tablet":{"background-color":"","background-image":"","background-repeat":"repeat","background-position":"center center","background-size":"auto","background-attachment":"scroll","background-type":"","background-media":"","overlay-type":"","overlay-color":"","overlay-opacity":"","overlay-gradient":""},"mobile":{"background-color":"","background-image":"","background-repeat":"repeat","background-position":"center center","background-size":"auto","background-attachment":"scroll","background-type":"","background-media":"","overlay-type":"","overlay-color":"","overlay-opacity":"","overlay-gradient":""}},"ast-content-background-meta":{"desktop":{"background-color":"var(--ast-global-color-4)","background-image":"","background-repeat":"repeat","background-position":"center center","background-size":"auto","background-attachment":"scroll","background-type":"","background-media":"","overlay-type":"","overlay-color":"","overlay-opacity":"","overlay-gradient":""},"tablet":{"background-color":"var(--ast-global-color-4)","background-image":"","background-repeat":"repeat","background-position":"center center","background-size":"auto","background-attachment":"scroll","background-type":"","background-media":"","overlay-type":"","overlay-color":"","overlay-opacity":"","overlay-gradient":""},"mobile":{"background-color":"var(--ast-global-color-4)","background-image":"","background-repeat":"repeat","background-position":"center center","background-size":"auto","background-attachment":"scroll","background-type":"","background-media":"","overlay-type":"","overlay-color":"","overlay-opacity":"","overlay-gradient":""}},"footnotes":""},"class_list":["post-360","page","type-page","status-publish","hentry"],"_links":{"self":[{"href":"https:\/\/peliku.com\/fr\/wp-json\/wp\/v2\/pages\/360","targetHints":{"allow":["GET"]}}],"collection":[{"href":"https:\/\/peliku.com\/fr\/wp-json\/wp\/v2\/pages"}],"about":[{"href":"https:\/\/peliku.com\/fr\/wp-json\/wp\/v2\/types\/page"}],"author":[{"embeddable":true,"href":"https:\/\/peliku.com\/fr\/wp-json\/wp\/v2\/users\/1"}],"replies":[{"embeddable":true,"href":"https:\/\/peliku.com\/fr\/wp-json\/wp\/v2\/comments?post=360"}],"version-history":[{"count":17,"href":"https:\/\/peliku.com\/fr\/wp-json\/wp\/v2\/pages\/360\/revisions"}],"predecessor-version":[{"id":1498,"href":"https:\/\/peliku.com\/fr\/wp-json\/wp\/v2\/pages\/360\/revisions\/1498"}],"wp:attachment":[{"href":"https:\/\/peliku.com\/fr\/wp-json\/wp\/v2\/media?parent=360"}],"curies":[{"name":"wp","href":"https:\/\/api.w.org\/{rel}","templated":true}]}}