{"id":366,"date":"2026-03-13T18:15:43","date_gmt":"2026-03-13T17:15:43","guid":{"rendered":"https:\/\/peliku.com\/?page_id=366"},"modified":"2026-03-16T20:43:06","modified_gmt":"2026-03-16T19:43:06","slug":"cookie-policy","status":"publish","type":"page","link":"https:\/\/peliku.com\/fr\/cookie-policy\/","title":{"rendered":"Cookie policy"},"content":{"rendered":"<div data-elementor-type=\"wp-page\" data-elementor-id=\"366\" class=\"elementor elementor-366\">\n\t\t\t\t<div class=\"elementor-element elementor-element-7dee5ca e-flex e-con-boxed e-con e-parent\" data-id=\"7dee5ca\" data-element_type=\"container\" data-e-type=\"container\" data-settings=\"{&quot;background_background&quot;:&quot;classic&quot;}\">\n\t\t\t\t\t<div class=\"e-con-inner\">\n\t\t\t\t<div class=\"elementor-element elementor-element-3dc349d elementor-widget elementor-widget-heading\" data-id=\"3dc349d\" data-element_type=\"widget\" data-e-type=\"widget\" data-widget_type=\"heading.default\">\n\t\t\t\t\t<h2 class=\"elementor-heading-title elementor-size-default\">POLITIQUE EN MATI\u00c8RE DE COOKIES<\/h2>\t\t\t\t<\/div>\n\t\t\t\t<div class=\"elementor-element elementor-element-d7b5aff elementor-widget elementor-widget-heading\" data-id=\"d7b5aff\" data-element_type=\"widget\" data-e-type=\"widget\" data-widget_type=\"heading.default\">\n\t\t\t\t\t<h6 class=\"elementor-heading-title elementor-size-default\">Derni\u00e8re mise \u00e0 jour : mars 2026<\/h6>\t\t\t\t<\/div>\n\t\t\t\t<div class=\"elementor-element elementor-element-9c224a6 elementor-widget elementor-widget-text-editor\" data-id=\"9c224a6\" data-element_type=\"widget\" data-e-type=\"widget\" data-widget_type=\"text-editor.default\">\n\t\t\t\t\t\t\t\t\t<p data-key=\"pXBLU\" data-pm-slice=\"1 3 []\">Le site web <strong>peliku.com<\/strong> utilise des cookies pour :<\/p><ul class=\"list-el\" data-key=\"AcyQ3\"><li data-key=\"7oEGe\"><p data-key=\"ZfXjX\">assurer le bon fonctionnement technique du site<\/p><\/li><li data-key=\"7uIOV\"><p data-key=\"stw07\">mesurer le trafic sur un site web<\/p><\/li><li data-key=\"cbCaR\"><p data-key=\"IGByh\">am\u00e9liorer l'exp\u00e9rience utilisateur<\/p><\/li><\/ul>\t\t\t\t\t\t\t\t<\/div>\n\t\t\t\t<div class=\"elementor-element elementor-element-474659c elementor-widget elementor-widget-html\" data-id=\"474659c\" data-element_type=\"widget\" data-e-type=\"widget\" data-widget_type=\"html.default\">\n\t\t\t\t\t<h2 style=\"font-family: Inter, sans-serif;font-size: 45px;font-weight: 600;color: #ffffff;line-height: 1.1;margin: 0;\">\r\nTechnique \r\n<span style=\"font-family: 'Inter Tight', sans-serif;background: linear-gradient(90deg,#ff6a6a 0%, #c85cff 60%, #8e4cb0 100%);-webkit-background-clip: text;-webkit-text-fill-color: transparent;\">\r\ncookies \r\n<\/span>\r\n<\/h2>\t\t\t\t<\/div>\n\t\t\t\t<div class=\"elementor-element elementor-element-bb3541f elementor-widget elementor-widget-text-editor\" data-id=\"bb3541f\" data-element_type=\"widget\" data-e-type=\"widget\" data-widget_type=\"text-editor.default\">\n\t\t\t\t\t\t\t\t\t<p data-key=\"6RchC\" data-pm-slice=\"1 1 []\">Les m\u00eames cookies sont n\u00e9cessaires au bon fonctionnement du service, notamment :<\/p><ul class=\"list-el\" data-key=\"Hhxnb\"><li data-key=\"6diBk\"><p data-key=\"YQsQS\">user authentication<\/p><\/li><li data-key=\"mOlgk\"><p data-key=\"VXe2n\">gestion des sessions<\/p><\/li><\/ul><p data-key=\"2aGI4\">Ces cookies ne peuvent pas \u00eatre d\u00e9sactiv\u00e9s.<\/p>\t\t\t\t\t\t\t\t<\/div>\n\t\t\t\t<div class=\"elementor-element elementor-element-5da49e7 elementor-widget elementor-widget-html\" data-id=\"5da49e7\" data-element_type=\"widget\" data-e-type=\"widget\" data-widget_type=\"html.default\">\n\t\t\t\t\t<h2 style=\"font-family: Inter, sans-serif;font-size: 45px;font-weight: 600;color: #ffffff;line-height: 1.1;margin: 0;\">\r\nAnalyse\r\n<span style=\"font-family: 'Inter Tight', sans-serif;background: linear-gradient(90deg,#ff6a6a 0%, #c85cff 60%, #8e4cb0 100%);-webkit-background-clip: text;-webkit-text-fill-color: transparent;\">\r\ncookies \r\n<\/span>\r\n<\/h2>\t\t\t\t<\/div>\n\t\t\t\t<div class=\"elementor-element elementor-element-c2cce40 elementor-widget elementor-widget-text-editor\" data-id=\"c2cce40\" data-element_type=\"widget\" data-e-type=\"widget\" data-widget_type=\"text-editor.default\">\n\t\t\t\t\t\t\t\t\t<p data-key=\"6VECl\" data-pm-slice=\"1 1 []\">Ce site web utilise <strong>Google Analytics<\/strong> pour mesurer l'activit\u00e9 des utilisateurs et am\u00e9liorer le service.<\/p><p data-key=\"mRiE9\">Ces cookies collectent des informations anonymis\u00e9es sur l'utilisation du site web.<\/p>\t\t\t\t\t\t\t\t<\/div>\n\t\t\t\t<div class=\"elementor-element elementor-element-d00e417 elementor-widget elementor-widget-html\" data-id=\"d00e417\" data-element_type=\"widget\" data-e-type=\"widget\" data-widget_type=\"html.default\">\n\t\t\t\t\t<h2 style=\"font-family: Inter, sans-serif;font-size: 45px;font-weight: 600;color: #ffffff;line-height: 1.1;margin: 0;\">\r\nG\u00e9rer\r\n<span style=\"font-family: 'Inter Tight', sans-serif;background: linear-gradient(90deg,#ff6a6a 0%, #c85cff 60%, #8e4cb0 100%);-webkit-background-clip: text;-webkit-text-fill-color: transparent;\">\r\ncookies \r\n<\/span>\r\n<\/h2>\t\t\t\t<\/div>\n\t\t\t\t<div class=\"elementor-element elementor-element-afb50a7 elementor-widget elementor-widget-text-editor\" data-id=\"afb50a7\" data-element_type=\"widget\" data-e-type=\"widget\" data-widget_type=\"text-editor.default\">\n\t\t\t\t\t\t\t\t\t<p data-key=\"EzZkp\" data-pm-slice=\"1 1 []\">Les utilisateurs peuvent configurer les param\u00e8tres de leur navigateur pour refuser les cookies ou pour \u00eatre avertis lorsque des cookies sont utilis\u00e9s.<\/p>\t\t\t\t\t\t\t\t<\/div>\n\t\t\t\t\t<\/div>\n\t\t\t\t<\/div>\n\t\t\t\t<\/div>","protected":false},"excerpt":{"rendered":"<p>COOKIE POLICY Last updated: March 2026 The website peliku.com uses cookies to : ensure the technical functioning of the site [&hellip;]<\/p>\n","protected":false},"author":1,"featured_media":0,"parent":0,"menu_order":0,"comment_status":"closed","ping_status":"closed","template":"","meta":{"site-sidebar-layout":"no-sidebar","site-content-layout":"","ast-site-content-layout":"full-width-container","site-content-style":"default","site-sidebar-style":"default","ast-global-header-display":"","ast-banner-title-visibility":"","ast-main-header-display":"","ast-hfb-above-header-display":"","ast-hfb-below-header-display":"","ast-hfb-mobile-header-display":"","site-post-title":"disabled","ast-breadcrumbs-content":"","ast-featured-img":"disabled","footer-sml-layout":"","ast-disable-related-posts":"","theme-transparent-header-meta":"","adv-header-id-meta":"","stick-header-meta":"","header-above-stick-meta":"","header-main-stick-meta":"","header-below-stick-meta":"","astra-migrate-meta-layouts":"default","ast-page-background-enabled":"default","ast-page-background-meta":{"desktop":{"background-color":"var(--ast-global-color-5)","background-image":"","background-repeat":"repeat","background-position":"center center","background-size":"auto","background-attachment":"scroll","background-type":"","background-media":"","overlay-type":"","overlay-color":"","overlay-opacity":"","overlay-gradient":""},"tablet":{"background-color":"","background-image":"","background-repeat":"repeat","background-position":"center center","background-size":"auto","background-attachment":"scroll","background-type":"","background-media":"","overlay-type":"","overlay-color":"","overlay-opacity":"","overlay-gradient":""},"mobile":{"background-color":"","background-image":"","background-repeat":"repeat","background-position":"center center","background-size":"auto","background-attachment":"scroll","background-type":"","background-media":"","overlay-type":"","overlay-color":"","overlay-opacity":"","overlay-gradient":""}},"ast-content-background-meta":{"desktop":{"background-color":"var(--ast-global-color-4)","background-image":"","background-repeat":"repeat","background-position":"center center","background-size":"auto","background-attachment":"scroll","background-type":"","background-media":"","overlay-type":"","overlay-color":"","overlay-opacity":"","overlay-gradient":""},"tablet":{"background-color":"var(--ast-global-color-4)","background-image":"","background-repeat":"repeat","background-position":"center center","background-size":"auto","background-attachment":"scroll","background-type":"","background-media":"","overlay-type":"","overlay-color":"","overlay-opacity":"","overlay-gradient":""},"mobile":{"background-color":"var(--ast-global-color-4)","background-image":"","background-repeat":"repeat","background-position":"center center","background-size":"auto","background-attachment":"scroll","background-type":"","background-media":"","overlay-type":"","overlay-color":"","overlay-opacity":"","overlay-gradient":""}},"footnotes":""},"class_list":["post-366","page","type-page","status-publish","hentry"],"_links":{"self":[{"href":"https:\/\/peliku.com\/fr\/wp-json\/wp\/v2\/pages\/366","targetHints":{"allow":["GET"]}}],"collection":[{"href":"https:\/\/peliku.com\/fr\/wp-json\/wp\/v2\/pages"}],"about":[{"href":"https:\/\/peliku.com\/fr\/wp-json\/wp\/v2\/types\/page"}],"author":[{"embeddable":true,"href":"https:\/\/peliku.com\/fr\/wp-json\/wp\/v2\/users\/1"}],"replies":[{"embeddable":true,"href":"https:\/\/peliku.com\/fr\/wp-json\/wp\/v2\/comments?post=366"}],"version-history":[{"count":17,"href":"https:\/\/peliku.com\/fr\/wp-json\/wp\/v2\/pages\/366\/revisions"}],"predecessor-version":[{"id":1316,"href":"https:\/\/peliku.com\/fr\/wp-json\/wp\/v2\/pages\/366\/revisions\/1316"}],"wp:attachment":[{"href":"https:\/\/peliku.com\/fr\/wp-json\/wp\/v2\/media?parent=366"}],"curies":[{"name":"wp","href":"https:\/\/api.w.org\/{rel}","templated":true}]}}